{"id":6,"date":"2013-09-19T10:15:34","date_gmt":"2013-09-19T10:15:34","guid":{"rendered":"http:\/\/pracemgr.com.pl\/zarzadzanie\/?page_id=2"},"modified":"2013-09-19T10:15:34","modified_gmt":"2013-09-19T10:15:34","slug":"bibliografia","status":"publish","type":"page","link":"https:\/\/pracemgr.com.pl\/zarzadzanie\/bibliografia\/","title":{"rendered":"Bibliografia"},"content":{"rendered":"<ol>\n<li>Bieniok H., <i>Metody sprawnego zarz\u0105dzania<\/i>, Placet, Warszawa 1999<\/li>\n<li>Brzezi\u0144ski M., <i>Organizacja i sterowanie produkcj\u0105<\/i>, Agencja Wydawnicza Placet, Warszawa 2002<\/li>\n<li>Drucker P., <i>Praktyka zarz\u0105dzania<\/i>, MT Biznes, Warszawa 2008<\/li>\n<li>Duchniewicz S. (red.), <i>D\u017awignia Archimedesa czyli metody i techniki zarz\u0105dzania<\/i>, Wydawnictwo Mened\u017cerskie PTM, Warszawa 2004<\/li>\n<li>Durlik I., <i>In\u017cynieria zarz\u0105dzania. Cz\u0119\u015b\u0107 I \u2013 Strategia i projektowanie system\u00f3w produkcyjnych<\/i>, Agencja Wydawnicza Placet, Warszawa 2007, s. 31.<\/li>\n<li>Dwili\u0144ski L., <i>Zarz\u0105dzanie produkcj\u0105<\/i>, Oficyna Wydawnicza Politechniki Warszawskiej, Warszawa 2002<\/li>\n<li>Griffin R.W., <i>Podstawy zarz\u0105dzania organizacjami<\/i>, Wydawnictwo Naukowe PWN, Warszawa 2005<\/li>\n<li>Krzy\u017canowski L.J., <i>O podstawach kierowania organizacjami inaczej; paradygmaty, filozofia, dylematy<\/i>, PWN, Warszawa 1999<\/li>\n<li>Lichtarski J., <i>Podstawy nauki o przedsi\u0119biorstwie<\/i>, AE Wroc\u0142aw 2001<\/li>\n<li>Oleksyn T., <i>Sztuka kierowania<\/i>, WSZiP im. B. Jasi\u0144skiego, Warszawa 2001<\/li>\n<li>Pasternak K., <i>Zarys zarz\u0105dzania produkcj\u0105<\/i>, PWE, Warszawa 2005<\/li>\n<li>Rogowski A., <i>Realizacja funkcji zarz\u0105dzania w praktyce<\/i>, [w:] Roczniki WABiA w \u0141odzi, Nr 2\/2006<\/li>\n<li>Steinmann H., Schreyogg G., <i>Zarz\u0105dzanie. Podstawy kierowania przedsi\u0119biorstwem. Koncepcje, funkcje, przyk\u0142ady<\/i>, Oficyna Wydawnicza Politechniki Wroc\u0142awskiej, Wroc\u0142aw 1998<\/li>\n<li>Strzelecki T.J., <i>Organizacja pracy<\/i>, Oficyna Wydawnicza Politechnik Warszawskiej, Warszawa 1995<\/li>\n<li>Wajda A., Organizacja i zarz\u0105dzanie, PWE, Warszawa 2003<\/li>\n<li>Waters D., <i>Zarz\u0105dzanie Operacyjne. Towary i us\u0142ugi<\/i>, PWN, Warszawa 2001<\/li>\n<\/ol>\n<hr \/>\n<h2>Zarz\u0105dzanie projektami<\/h2>\n<ol>\n<li>Arnold S., <em>Introduction to the RequisitePro to Rational Team Concert Connector<\/em>, IBM Rational, lipiec 2010<\/li>\n<li>Bielewicz A., <em>Kiedy projekt zawodzi<\/em>, Computerworld nr 07-2007, 30 pa\u017adziernika 2007<\/li>\n<li>Gothe M., Pampino C., Monson P., Nizami K., Patel K., Smith B. M., Yuce N., <em>Collaborative Application Lifcycle Management with IBM Rational Products, <\/em>IBM 2008<\/li>\n<li>Heerkens G. R., <em>Jak zarz\u0105dza\u0107 projektami?<\/em>, Wydawnictwo RM, Warszawa 2003<\/li>\n<li>IBM, Pomoce Rational Team Concert, <em>Using work items<\/em><\/li>\n<li>Informator IBM, <em>IBM Rational Team Concert<\/em><\/li>\n<li>Jones R., Zarz\u0105dzanie<em> Sztuka przetrwania<\/em>, MT Biznes Sp. z o.o., 2009<\/li>\n<li>Lock D., <em>Podstawy zarz\u0105dzania projektami<\/em>, Polskie Wydawnictwo Ekonomiczne, Warszawa 2009<\/li>\n<li>N\u0119dzi T., <em>Zarz\u0105dzanie projektami w oparciu o metodyk\u0119 Prince<\/em><\/li>\n<li>Olszewski A., <em>RUP Cookbook. Cz\u0119\u015b\u0107 2. Wodospadowe podej\u015bcie<\/em>, Zesp\u00f3\u0142 przede wszystkim, IBM<\/li>\n<li>Pawlak M, <em>Zarz\u0105dzanie projektami<\/em>, Wydawnictwo Naukowe PWN, Warszawa 2006,<\/li>\n<li>Project Management Institute, <em>The Project Management Body of Knowledge<\/em>, 2008<\/li>\n<li>Schwaber K., Sutherlanda J., <em>Przewodnik po SCRUMIE: Regu\u0142y Gry<\/em>,\u00a0 Lipiec 2011<\/li>\n<li>Skrorulski M., <em>IBM Rational Method Composer \u2013 portal procesowy,<\/em> Zesp\u00f3\u0142 Przede wszystkim\u201d, grudzie\u0144 2007<\/li>\n<li>Swithinbank P., Chessell M., Gardner Dr. T., Griffin C., Man J., Wylie H., Yusuf L., <em>Patterns: Model-Driven Development Using IBM Rational Software Architect<\/em>, IBM, 2005<\/li>\n<li>Szyjewski Z., Metodyki zarz\u0105dzania projektami informatycznymi, Placet,luty 2004<\/li>\n<li>Trocki M., Grucza B., Ogonek K., <em>Zarz\u0105dzanie projektami<\/em>, Polskie Wydawnictwo Ekonomiczne, Warszawa 2009<\/li>\n<li>Wa\u0107kowski K., J. M. Chmilewski, <em>Wspomaganie zarz\u0105dzania projektami informatycznymi. Poradnik dla menad\u017cer\u00f3w<\/em>, Helion 2007<\/li>\n<li>Wysota P., <em>Nowe standardy otwarto\u015bci<\/em>, COMPUTERWORLD, pa\u017adziernik 2007<\/li>\n<li>Zawadzki D., <em>Adaptacja zwinnych metodyk z u\u017cyciem <\/em><strong><em>IBM<\/em><\/strong><em> Rational Team Concert<\/em>, \u00a0Zesp\u00f3\u0142 przede wszystkim, grudzie\u0144 2010<\/li>\n<\/ol>\n","protected":false},"excerpt":{"rendered":"<p>Bieniok H., Metody sprawnego zarz\u0105dzania, Placet, Warszawa 1999 Brzezi\u0144ski M., Organizacja i sterowanie produkcj\u0105, Agencja Wydawnicza Placet, Warszawa 2002 Drucker P., Praktyka zarz\u0105dzania, MT Biznes, Warszawa 2008 Duchniewicz S. (red.), D\u017awignia Archimedesa czyli metody i techniki zarz\u0105dzania, Wydawnictwo Mened\u017cerskie PTM, Warszawa 2004 Durlik I., In\u017cynieria zarz\u0105dzania. Cz\u0119\u015b\u0107 I \u2013 Strategia i projektowanie system\u00f3w produkcyjnych, Agencja &#8230; <a title=\"Bibliografia\" class=\"read-more\" href=\"https:\/\/pracemgr.com.pl\/zarzadzanie\/bibliografia\/\" aria-label=\"Dowiedz si\u0119 wi\u0119cej o Bibliografia\">Czytaj dalej<\/a><\/p>\n","protected":false},"author":1,"featured_media":0,"parent":0,"menu_order":0,"comment_status":"open","ping_status":"open","template":"","meta":{"footnotes":""},"class_list":["post-6","page","type-page","status-publish"],"_links":{"self":[{"href":"https:\/\/pracemgr.com.pl\/zarzadzanie\/wp-json\/wp\/v2\/pages\/6","targetHints":{"allow":["GET"]}}],"collection":[{"href":"https:\/\/pracemgr.com.pl\/zarzadzanie\/wp-json\/wp\/v2\/pages"}],"about":[{"href":"https:\/\/pracemgr.com.pl\/zarzadzanie\/wp-json\/wp\/v2\/types\/page"}],"author":[{"embeddable":true,"href":"https:\/\/pracemgr.com.pl\/zarzadzanie\/wp-json\/wp\/v2\/users\/1"}],"replies":[{"embeddable":true,"href":"https:\/\/pracemgr.com.pl\/zarzadzanie\/wp-json\/wp\/v2\/comments?post=6"}],"version-history":[{"count":0,"href":"https:\/\/pracemgr.com.pl\/zarzadzanie\/wp-json\/wp\/v2\/pages\/6\/revisions"}],"wp:attachment":[{"href":"https:\/\/pracemgr.com.pl\/zarzadzanie\/wp-json\/wp\/v2\/media?parent=6"}],"curies":[{"name":"wp","href":"https:\/\/api.w.org\/{rel}","templated":true}]}}