{"id":12,"date":"2012-12-31T12:45:35","date_gmt":"2012-12-31T12:45:35","guid":{"rendered":"http:\/\/socjologia.pracemgr.com.pl\/?page_id=2"},"modified":"2012-12-31T12:45:35","modified_gmt":"2012-12-31T12:45:35","slug":"bibliografia","status":"publish","type":"page","link":"https:\/\/pracemgr.com.pl\/socjologia\/bibliografia\/","title":{"rendered":"Bibliografia"},"content":{"rendered":"<ol>\n<li>Angrosino M., <em>Badania etnograficzne i obserwacyjne<\/em>, PWN, Warszawa 2021.<\/li>\n<li>Babbie E., <em>Badania spo\u0142eczne w praktyce<\/em>, PWN, Warszawa 2021.<\/li>\n<li>Bagdzi\u0144ski S.L., <i>Instrumenty polityki gospodarczej i spo\u0142ecznej uk\u0142adu regionalnego, <\/i>w: Regionalne i lokalne uwarunkowania i czynniki restrukturyzacji gospodarki Polski, AE, Krak\u00f3w 1995.<\/li>\n<li>Bartkowski J., <i>Socjologiczna infrastruktura regionalizmu w Polsce, <\/i>w: Regionalne i lokalne uwarunkowania i czynniki restrukturyzacji gospodarki Polski, AE, Krak\u00f3w 1996.<\/li>\n<li>Borzyszkowski J., <i>Kulturowe i etniczne aspekty polityki regionalnej, <\/i>w: Regionalne i lokalne uwarunkowania i czynniki restrukturyzacji gospodarki Polski, AE, Krak\u00f3w 1996.<\/li>\n<li>Broszkiewicz R. i in., <i>Strategiczne wyzwania dla polityki rozwoju regionalnego Polski, <\/i>Friedrich Ebert Stiftung, Krak\u00f3w 1996.<\/li>\n<li>Cie\u015blak R., S\u0119k H., <em>Wsparcie spo\u0142eczne stres i zdrowie<\/em>, PWN, Warszawa 2021.<\/li>\n<li>Cybulski L., <i>Edukacja a konkurencyjno\u015b\u0107 region\u00f3w, <\/i>w: Konkurencyjno\u015b\u0107 region\u00f3w, praca zbiorowa pod red. M. Klamut, AE, Wroc\u0142aw 1999.<\/li>\n<li>Czudec A., <i>Rola samorz\u0105du terytorialnego w kreowaniu i realizacji regionalnych program\u00f3w rozwoju, <\/i>Rzeszowska Agencja Rozwoju Regionalnego, Rzesz\u00f3w 1995.<\/li>\n<li>Czudec A., <i>Sytuacja finansowa gmin w po\u0142udniowo-wschodniej Polsce, <\/i>w: Polityka gospodarcza w\u0142adz lokalnych w procesie transformacji systemowej, AR w Krakowie, Katedra Ekonomii w Rzeszowie, Rzesz\u00f3w 1997.<\/li>\n<li>Dach Z., <i>Bezrobocie w okresie przemian systemowych, 1993.<\/i><\/li>\n<li><i>13.\u00a0 <\/i>D\u0119bczy\u0144ski J., <i>Planowanie strategiczne rozwoju gminy, <\/i>materia\u0142y szkoleniowe z warsztat\u00f3w zorganizowanych przez FAPA RO,RES Consulting, Rzesz\u00f3w 1996.<\/li>\n<li>Duczkowska M., <i>Strategia wielofunkcyjnego rozwoju wsi, <\/i>Wie\u015b i Doradztwo, 1995, nr 3.<\/li>\n<li>Duczkowska-Ma\u0142ysz K., <i>Regionalne aspekty polityki rozwoju obszar\u00f3w wiejskich, <\/i>w: Polityka regionalna w rozwoju obszar\u00f3w wiejskich, MriG\u017b, Fundacja Program\u00f3w dla Rolnictwa, Centrum Naukowo-Wdro\u017ceniowe SGGW, Warszawa 1995.<\/li>\n<li>Duczkowska-Ma\u0142ysz K., <i>Uwarunkowania rozwoju przedsi\u0119biorstw, <\/i>w: Rozw\u00f3j przedsi\u0119biorczo\u015bci na terenach wiejskich, IRWiR PAN, SGGW, Warszawa 1994.<\/li>\n<li>Fenrych P., <i>Komunikacja spo\u0142eczna w samorz\u0105dnej gminie,<\/i> w: Grochem o \u015bcian\u0119&#8230;? Polityka informacyjna samorz\u0105d\u00f3w lokalnych, Wydawnictwo Samorz\u0105dowe Fundacji Rozwoju Demokracji Lokalnych, Warszawa 1995.<\/li>\n<li>G\u0119sicka G., <i>Partnerstwo w rozwoju lokalnym, <\/i>PIL, Katowice 1996.<\/li>\n<li>Giddens A., <em>Socjologia<\/em>, PWN, Warszawa 2020.<\/li>\n<li>G\u0142owaci\u0144ski Z., <i>Zwierz\u0119ta Chronione w Polsce, <\/i>LOP, Warszawa 1996.<\/li>\n<li>Hausner J., <i>Postfordowski paradygmat rozwoju, \u201e<\/i>Gospodarka narodowa\u201d 1994.<\/li>\n<li>Herer W., Sadowski W., <i>Makroekonomiczne uwarunkowania modernizacji rolnictwa polskiego, <\/i>Warszawa 1996.<\/li>\n<li>Hrynkiewicz J., <i>Spo\u0142eczne zasoby w rozwoju regionalnym<\/i>, w: Regionalne i lokalne uwarunkowania i czynniki restukturyzacji gospodarki Polski, AE, Krak\u00f3w 1996.<\/li>\n<li>Hunek T., <i>D\u0142ugofalowe ekonomiczno-spo\u0142eczne i kulturowe uwarunkowania wsi i rolnictwa, <\/i>w: zmiany spo\u0142eczno-ekonomiczno w procesie modernizacji wsi i rolnictwa, Warszawa 1991.<\/li>\n<li>Jab\u0142o\u0144ski Z., Potoczek A., <i>Ekologiczne, prawne i organizacyjne uwarunkowania rozwoju zr\u00f3wnowa\u017conego w skali lokalnej, <\/i>w: Polityka rozwoju regionalnego i lokalnego w okresie transformacji systemowej, Wydawnictwo UMK, Toru\u0144 1995.<\/li>\n<li>Ja\u0142owiecki B., <i>Lokalno\u015b\u0107 jako czynnik rozwoju spo\u0142ecznego, <\/i>Wie\u015b i rolnictwo, 1987, nr 4.<\/li>\n<li>Jezierski A., Leszczy\u0144ska C., <i>Podzia\u0142y terytorialne w perspektywie historycznej, <\/i>Ekonomista, 1992, nr 1.<\/li>\n<li>Kabaj M., <i>Metody ograniczania i poprawy efektywno\u015bci program\u00f3w przeciwdzia\u0142ania bezrobociu, <\/i>Polityka spo\u0142eczna, nr 2, 1996.<\/li>\n<li>Kaleta A., <i>Rewitalizacja obszar\u00f3w rustykalnych Europy, <\/i>tom 1, Wroc\u0142aw-Warszawa-Krak\u00f3w 1996.<\/li>\n<li>Kami\u0144ski B., Chmura K., <i>Zarz\u0105dzanie Strategiczne, materia\u0142y Local Government Partnership Project zamieszczone na stronie internetowej LGPP, 2000.<\/i><\/li>\n<li>Klimaszewski M., <i>Geomorfologia Polski, <\/i>t.1., Polska Po\u0142udniowa. G\u00f3ry i Wy\u017cyny, PAN, Warszawa 1972.<\/li>\n<li>K\u0142odzi\u0144ski M., Siekierski Cz., <i>Planowanie strategiczne rozwoju obszar\u00f3w wiejskich na poziomie gminy, <\/i>Wie\u015b i Rolnictwo, nr 3, 1997.<\/li>\n<li>K\u0142odzi\u0144ski M., Siekierski Cz., <i>Strategia rozwoju gmin podstaw\u0105 tworzenia programu regionalnego i lokalnego, <\/i>w: Strategia rozwoju gmin wiejskich, Wydawnictwo SGGW, Warszawa 1997.<\/li>\n<li>K\u0142odzi\u0144ski M., Wilkin J., <i>Rozw\u00f3j obszar\u00f3w wiejskich w Polsce, <\/i>w: Identyfikacja priorytet\u00f3w w modernizacji sektora rolno-spo\u017cywczego w Polsce, FAPA, Warszawa 1998.<\/li>\n<li>Kocik L., <i>Przeobra\u017cenia funkcji wychowawczej rodziny wiejskiej, <\/i>Studia Socjologiczne, 1974, nr 4.<\/li>\n<li>Kondracki J., <i>Geografia fizyczna Polski<\/i>, PWN, Warszawa 1988.<\/li>\n<li>Koz\u0142owski J., <i>Polityka informacyjna gminy, <\/i>w: Grochem o \u015bcian\u0119&#8230;? Polityka informacyjna samorz\u0105d\u00f3w lokalnych, Wydawnictwo Samorz\u0105dowe Fundacji Rozwoju Demokracji Lokalnych, Warszawa 1996.<\/li>\n<li>Kramarz M., Topi\u0144ski P., <i>Strategia rozwoju gmin wiejskich, <\/i>FAPA, Warszawa 1997.<\/li>\n<li>Kurczewski J., <i>Trzy tabele w jednym,<\/i> \u017bycie Gospodarcze, 1995, nr 33.<\/li>\n<li>\u0141y\u017cka B.,<i> Raport o stanie zabytkowych park\u00f3w w woj. rzeszowskim, <\/i>Pa\u0144st. S\u0142u\u017c. Ocgr. Zabyt. Oddzia\u0142 Wojew. W Rzeszowie 1996.<\/li>\n<li>Malinowska E., <i>Spo\u0142eczno\u015b\u0107 lokalna \u2013 jej tradycje i wsp\u00f3\u0142czesno\u015b\u0107, <\/i>w: Zbiorowo\u015bci terytorialne i wi\u0119zi spo\u0142eczne\u201d, \u0141\u00f3d\u017a 1995.<\/li>\n<li>Malinowski M., Grzesik A., Solecki S., <i>Strategia dla rzeszowskiej wsi. Studium socjologiczne,<\/i> Rzesz\u00f3w 1997.<\/li>\n<li>Markowski D., <i>O warunkach i czynnikach rozwoju \u015brodowiska lokalnego, <\/i>w: Szanse i bariery rozwoju gminy, Regionalne Towarzystwo Rolno-Przemys\u0142owe \u201eDolina Strugu\u201d w Tyczynie, Tyczyn 1997.<\/li>\n<li>Markowski T., <i>Od konkurencji zasob\u00f3w do konkurencji region\u00f3w, <\/i>Samorz\u0105d Terytorialny, 1996, nr 12.<\/li>\n<li>Merton R.K., <i>Teoria socjologiczna i struktura spo\u0142eczna, <\/i>PWN, Warszawa 1982.<\/li>\n<li>Mleczko F.W., <i>Wie\u015b polska i przysz\u0142o\u015b\u0107 Europy,<\/i> Fundacja \u201ePartnerstwo dla Rozwoju\u201d, Warszawa 1997.<\/li>\n<li>Parysek J.J., <i>Podstawy gospodarki lokalnej, <\/i>Wydawnictwo Naukowe UAM, Pozna\u0144 1997.<\/li>\n<li>R. Olaczek, <i>Ro\u015bliny chronione w Polsce, <\/i>LOP, Warszawa 1996.<\/li>\n<li>R\u0105czy W., Mora M., <i>Dzia\u0142alno\u015b\u0107 pozarolnicza jako dodatkowe \u017ar\u00f3d\u0142o dochod\u00f3w ludno\u015bci wiejskiej, <\/i>Zeszyty Naukowe AR w Krakowie nr 323, seria Ekonomika z. 25, 1997.<\/li>\n<li>Regulska J., <i>Polityka informacyjna a udzia\u0142 obywateli w \u017cyciu publicznym, <\/i>w: Grochem o \u015bcian\u0119&#8230;? Polityka informacyjna samorz\u0105d\u00f3w lokalnych, Wydawnictwo Samorz\u0105dowe Fundacji Rozwoju Demokracji Lokalnych, Warszawa 1995.<\/li>\n<li><i>Rocznik Statystyczny, <\/i>GUS, Warszawa 1995.<\/li>\n<li><i>Rozw\u00f3j lokalny w Dolinie Strugu, <\/i>red. A. Czudec, Towarzystwo Rolno-Przemys\u0142owe \u201eDolina Strugu\u201d w Tyczynie, Tyczyn-Rzesz\u00f3w 1998.<\/li>\n<li>Rybicki P., <i>O zmianach w obyczajowo\u015bci wsp\u00f3\u0142czesnej, <\/i>Przegl\u0105d Wsp\u00f3\u0142czesny, R. VIII, nr 83, 1929.<\/li>\n<li>Rybnicki P., <i>Przemiany miejskich spo\u0142eczno\u015bci lokalnych. Wprowadzenie do problemu, <\/i>w: Przemiany miejskich spo\u0142eczno\u015bci lokalnych w Polsce. Materia\u0142y z II Og\u00f3lnopolskiej Konferencji Socjolog\u00f3w Miasta, Warszawa 1972.<\/li>\n<li>S\u0142odowa-He\u0142pa M., <i>Jak budowa\u0107 strategi\u0119 rozwoju spo\u0142eczno-ekonomicznego wsi w skali regionalnej i lokalnej, <\/i>w: Rozw\u00f3j rolnictwa i agrobiznesu w skali krajowej i lokalnej, Wydawnictwo O\u015brodka Doradztwa Rolniczego w Sielinku, Pozna\u0144 1995.<\/li>\n<li>Sowa K. Z., <i>Lokalizm, centralizm i rozw\u00f3j spo\u0142eczny,<\/i> Pa\u0144stwo i Kultura Polityczna, 1988, vol. 5.<\/li>\n<li>Sowa K.Z., <i>Lokalizm jako istotny element nowego \u0142adu europejskiego, <\/i>w: Szanse i bariery rozwoju gminy, Regionalne Towarzystwo Rolno-Przemys\u0142owe \u201eDolina Strugu\u201d w Tyczynie, Tyczyn 1997.<\/li>\n<li>Stachowski Z., Szczepa\u0144ski K., <i>Szanse i bariery w rozwoju gminy, <\/i>Regionalne Towarzystwo Rolno-Przemys\u0142owe \u201eDolina Srugu\u201d w Tyczynie, Tyczyn 1997.<\/li>\n<li><i>Strategia Rozwoju Gmin Wiejskich,<\/i> pod red. M. K\u0142odzi\u0144skiego, Cz. Siekierskiego,\u00a0 Wydawnictwo SGGW, Warszawa 1997.<\/li>\n<li>Suchy M., Zawada A., <i>Raport o stanie \u015brodowiska woj. Rzeszowskiego w 1995 roku, <\/i>WIO\u015a, Rzesz\u00f3w 1996.<\/li>\n<li>Szlachta J., <i>Regionalizacja w krajach Europejskiej Wsp\u00f3lnoty Gospodarczej, <\/i>Biuletyn KPZK, Regionalizacja w Polsce w \u015bwietle do\u015bwiadcze\u0144 zachodnio-europejskich, Warszawa 1992.<\/li>\n<li>Szlachta J., <i>Wybrane g\u0142osy w dyskusji, <\/i>w: Polityka regionalna w rozwoju obszar\u00f3w wiejskich, Materia\u0142y z og\u00f3lnokrajowej konferencji, 30-31 marca 1995r., SGGW Warszawa.<\/li>\n<li>\u015alusarz G., Baran E., Paw\u0142owska J., D. \u015alusarz, <i>Mikroregion \u201eDolina Strugu\u201d \u2013 strategie rozwoju, <\/i>w: Szanse i bariery rozwoju gminy, Regionalne Towarzystwo Rolno-Przemys\u0142owe \u201eDolina Strugu\u201d w Tyczynie, Tyczyn 1997.<\/li>\n<li>\u015alusarz G., <i>Potrzeby pozyskiwania dodatkowych dochod\u00f3w i ich uwarunkowania, <\/i>Przemyskie Forum Rolnicze, Korytniki 1996.<\/li>\n<li>\u015alusarz G., <i>Procesy integracji polskiego rolnictwa ze Wsp\u00f3lnotami Europejskimi, <\/i>materia\u0142y szkoleniowe projektu: Wsparcie regionalnej polityki rolnej w po\u0142udniowo wschodnim regionie Polski, FAPA, Rzesz\u00f3w 1997.<\/li>\n<li>\u015alusarz G., Bartnicki T., Mentelski P., <i>Strategie rozwoju gminy w aspekcie aktywizacji spo\u0142eczno\u015bci lokalnej i integracji Polski z pa\u0144stwami UE; <\/i>w: Rozw\u00f3j lokalny w dolinie Strugu, Zak\u0142ad Ekonomii w Rzeszowie &#8211; AR w Krakowie, Tyczyn-Rzesz\u00f3w 1998.<\/li>\n<li>\u015alusarz G., <i>Wykorzystanie aktywnych metod pracy na rzecz wyznaczania kierunk\u00f3w rozwoju regionalnego, <\/i>[w:] <i>Potencja\u0142 ekonomiczno-produkcyjny i mo\u017cliwo\u015bci jego wykorzystania w agrobiznesie Regionu Karpackiego w aspekcie integracji z Uni\u0105 Europejsk\u0105<\/i>, cz. 11, AR w Krakowie, Wydzia\u0142 Ekonomii w Rzeszowie, Rzesz\u00f3w 1999.<\/li>\n<li>\u015alusarz G., <i>Znaczenie planowania strategicznego w procesach integracyjnych, <\/i>w: Szanse i zagro\u017cenia polskiego rolnictwa w integracji z UE, AR w Krakowie \u2013 Wydzia\u0142 Ekonomii w Rzeszowie, Boguchwa\u0142a 1998.<\/li>\n<li>U\u0142asi\u0144ski C., <i>Formu\u0142owanie planu polityki informacyjnej gminy,<\/i> w: Grochem o \u015bcian\u0119&#8230;? Polityka informacyjna samorz\u0105d\u00f3w lokalnych, Wydawnictwo Samorz\u0105dowe Fundacji Rozwoju Demokracji Lokalnych, Warszawa 1995.<\/li>\n<li><i>70.\u00a0 <\/i><i>Wie\u015b i rolnictwo w okresie transformacji systemowej, <\/i>red. L. Klamka, PAN, Warszawa 1995.<\/li>\n<li>Wilkin J., <i>Globalizm i lokalizm we wsp\u00f3\u0142czesnym rozwoju gospodarczym, <\/i>w: Rozw\u00f3j gospodarczy i zmiany strukturalne u uj\u0119ciu regionalnym, Uniwersytet w Bia\u0142ymstoku, Bia\u0142ystok 1997.<\/li>\n<li>Wilkin J., <i>Problemy obszar\u00f3w wiejskich w polityce rozwoju gospodarczego Polski<\/i>, FAPA, Warszawa 1996.<\/li>\n<li>Wnuk Z., <i>Zielone Serce Polski, <\/i>Biuletyn ZW LOP, nr 1, Rzesz\u00f3w 1996.<\/li>\n<li>Wo\u015b A., <i>Drogi restrukturyzacji rolnictwa, <\/i>Wie\u015b i rolnictwo, 1996, nr 3.<\/li>\n<li><i>Zarz\u0105dzanie strategiczne dla samorz\u0105d\u00f3w lokalnych, <\/i>projekt podr\u0119cznika, w ramach Szkolenia Og\u00f3lnomened\u017cerskiego dla samorz\u0105d\u00f3w Lokalnych, Program PHARE, 1996.<\/li>\n<li>Zio\u0142o Z., <i>Zmiany otoczenia przedsi\u0119biorstw pa\u0144stwowych w nowych warunkach gospodarowania, <\/i>1994<i>.<\/i><\/li>\n<\/ol>\n","protected":false},"excerpt":{"rendered":"<p>Angrosino M., Badania etnograficzne i obserwacyjne, PWN, Warszawa 2021. Babbie E., Badania spo\u0142eczne w praktyce, PWN, Warszawa 2021. Bagdzi\u0144ski S.L., Instrumenty polityki gospodarczej i spo\u0142ecznej uk\u0142adu regionalnego, w: Regionalne i lokalne uwarunkowania i czynniki restrukturyzacji gospodarki Polski, AE, Krak\u00f3w 1995. Bartkowski J., Socjologiczna infrastruktura regionalizmu w Polsce, w: Regionalne i lokalne uwarunkowania i czynniki restrukturyzacji &#8230; <a title=\"Bibliografia\" class=\"read-more\" href=\"https:\/\/pracemgr.com.pl\/socjologia\/bibliografia\/\" aria-label=\"Dowiedz si\u0119 wi\u0119cej o Bibliografia\">Czytaj dalej<\/a><\/p>\n","protected":false},"author":1,"featured_media":0,"parent":0,"menu_order":0,"comment_status":"open","ping_status":"open","template":"","meta":{"footnotes":""},"class_list":["post-12","page","type-page","status-publish"],"_links":{"self":[{"href":"https:\/\/pracemgr.com.pl\/socjologia\/wp-json\/wp\/v2\/pages\/12","targetHints":{"allow":["GET"]}}],"collection":[{"href":"https:\/\/pracemgr.com.pl\/socjologia\/wp-json\/wp\/v2\/pages"}],"about":[{"href":"https:\/\/pracemgr.com.pl\/socjologia\/wp-json\/wp\/v2\/types\/page"}],"author":[{"embeddable":true,"href":"https:\/\/pracemgr.com.pl\/socjologia\/wp-json\/wp\/v2\/users\/1"}],"replies":[{"embeddable":true,"href":"https:\/\/pracemgr.com.pl\/socjologia\/wp-json\/wp\/v2\/comments?post=12"}],"version-history":[{"count":0,"href":"https:\/\/pracemgr.com.pl\/socjologia\/wp-json\/wp\/v2\/pages\/12\/revisions"}],"wp:attachment":[{"href":"https:\/\/pracemgr.com.pl\/socjologia\/wp-json\/wp\/v2\/media?parent=12"}],"curies":[{"name":"wp","href":"https:\/\/api.w.org\/{rel}","templated":true}]}}