{"id":8,"date":"2013-08-30T14:29:00","date_gmt":"2013-08-30T14:29:00","guid":{"rendered":"http:\/\/pracemgr.com.pl\/rachunkowosc\/?page_id=2"},"modified":"2013-08-30T14:29:00","modified_gmt":"2013-08-30T14:29:00","slug":"bibliografia","status":"publish","type":"page","link":"https:\/\/pracemgr.com.pl\/rachunkowosc\/bibliografia\/","title":{"rendered":"Bibliografia"},"content":{"rendered":"\n\n<div class=\"kk-star-ratings kksr-auto kksr-align-left kksr-valign-top\"\n    data-payload='{&quot;align&quot;:&quot;left&quot;,&quot;id&quot;:&quot;8&quot;,&quot;slug&quot;:&quot;default&quot;,&quot;valign&quot;:&quot;top&quot;,&quot;ignore&quot;:&quot;&quot;,&quot;reference&quot;:&quot;auto&quot;,&quot;class&quot;:&quot;&quot;,&quot;count&quot;:&quot;0&quot;,&quot;legendonly&quot;:&quot;&quot;,&quot;readonly&quot;:&quot;&quot;,&quot;score&quot;:&quot;0&quot;,&quot;starsonly&quot;:&quot;&quot;,&quot;best&quot;:&quot;5&quot;,&quot;gap&quot;:&quot;5&quot;,&quot;greet&quot;:&quot;Rate this page&quot;,&quot;legend&quot;:&quot;0\\\/5 - (0 votes)&quot;,&quot;size&quot;:&quot;24&quot;,&quot;title&quot;:&quot;Bibliografia&quot;,&quot;width&quot;:&quot;0&quot;,&quot;_legend&quot;:&quot;{score}\\\/{best} - ({count} {votes})&quot;,&quot;font_factor&quot;:&quot;1.25&quot;}'>\n            \n<div class=\"kksr-stars\">\n    \n<div class=\"kksr-stars-inactive\">\n            <div class=\"kksr-star\" data-star=\"1\" style=\"padding-right: 5px\">\n            \n\n<div class=\"kksr-icon\" style=\"width: 24px; height: 24px;\"><\/div>\n        <\/div>\n            <div class=\"kksr-star\" data-star=\"2\" style=\"padding-right: 5px\">\n            \n\n<div class=\"kksr-icon\" style=\"width: 24px; height: 24px;\"><\/div>\n        <\/div>\n            <div class=\"kksr-star\" data-star=\"3\" style=\"padding-right: 5px\">\n            \n\n<div class=\"kksr-icon\" style=\"width: 24px; height: 24px;\"><\/div>\n        <\/div>\n            <div class=\"kksr-star\" data-star=\"4\" style=\"padding-right: 5px\">\n            \n\n<div class=\"kksr-icon\" style=\"width: 24px; height: 24px;\"><\/div>\n        <\/div>\n            <div class=\"kksr-star\" data-star=\"5\" style=\"padding-right: 5px\">\n            \n\n<div class=\"kksr-icon\" style=\"width: 24px; height: 24px;\"><\/div>\n        <\/div>\n    <\/div>\n    \n<div class=\"kksr-stars-active\" style=\"width: 0px;\">\n            <div class=\"kksr-star\" style=\"padding-right: 5px\">\n            \n\n<div class=\"kksr-icon\" style=\"width: 24px; height: 24px;\"><\/div>\n        <\/div>\n            <div class=\"kksr-star\" style=\"padding-right: 5px\">\n            \n\n<div class=\"kksr-icon\" style=\"width: 24px; height: 24px;\"><\/div>\n        <\/div>\n            <div class=\"kksr-star\" style=\"padding-right: 5px\">\n            \n\n<div class=\"kksr-icon\" style=\"width: 24px; height: 24px;\"><\/div>\n        <\/div>\n            <div class=\"kksr-star\" style=\"padding-right: 5px\">\n            \n\n<div class=\"kksr-icon\" style=\"width: 24px; height: 24px;\"><\/div>\n        <\/div>\n            <div class=\"kksr-star\" style=\"padding-right: 5px\">\n            \n\n<div class=\"kksr-icon\" style=\"width: 24px; height: 24px;\"><\/div>\n        <\/div>\n    <\/div>\n<\/div>\n                \n\n<div class=\"kksr-legend\" style=\"font-size: 19.2px;\">\n            <span class=\"kksr-muted\">Rate this page<\/span>\n    <\/div>\n    <\/div>\n<ol>\n<li>Ba\u015b-Mazur M., Kompendium wiedzy nowego przedsi\u0119biorcy, Text, Krak\u00f3w 2006.<\/li>\n<li>Bednarz J., Gostomski E., Finansowanie dzia\u0142alno\u015bci gospodarczej, Wydawnictwo Uniwersytetu Gda\u0144skiego, Gda\u0144sk 2006.<\/li>\n<li>Borodo A. <em>Polskie prawo finansowe<\/em>, \u017bak, Toru\u0144 2009,<\/li>\n<li>Brzeszczy\u0144ska S., <em>Podatki 2007<\/em>, Meritum, Warszawa 2007<\/li>\n<li>Brzezi\u0144ski B. <em>Prawo podatkowe<\/em>, Dom Organizatora, \u017bak, Toru\u0144 2006<\/li>\n<li>Brzezi\u0144ski B., <em>Prawo podatkowe. Teoria, instytucje, funkcjonowanie<\/em>, Tonik, Toru\u0144 2010,<\/li>\n<li>Buga J., <em>Ma\u0142e i \u015brednie przedsi\u0119biorstwa jako element prorozwojowej polityki lokalnej<\/em>, Gospodarka Narodowa, nr 10, 2004<\/li>\n<li>Gaudemet P.M., J. Molinier, <em>Finanse publiczne,<\/em> PWE, Warszawa 2000,<\/li>\n<li>G\u0142uchowski J. <em>Polskie Prawo Podatkowe<\/em>, PWN, Warszawa,<\/li>\n<li>Gomu\u0142owicz A.\u00a0 J. Ma\u0142ecki, <em>Podatki i prawo podatkowe<\/em>, LexisNexis, Warszawa 2010,<\/li>\n<li>Gomu\u0142owicz A., J. Ma\u0142ecki, <em>Polskie prawo finansowe<\/em>, Lexis Nexis, Krak\u00f3w 2006,<\/li>\n<li>Gomu\u0142owicz A., Ma\u0142ecki J., Podatki i prawo podatkowe, Wydawnictwo Prawnicze Lexis Nexis, Warszawa 2004.<\/li>\n<li>Gomu\u0142owicz A., <em>Podatki i prawo podatkowe,<\/em> LexisNexis, Warszawa 2008,<\/li>\n<li>Gruszczy\u0144ska A., Mi\u0119dzynarodowa ekspansja przedsi\u0119biorstw. W poszukiwaniu \u017ar\u00f3de\u0142 wzrostu warto\u015bci rynkowej, Warszawa 2008.<\/li>\n<li>Ickiewicz J.,\u00a0 <em>Podatkowe i niepodatkowe obci\u0105\u017cenia przedsi\u0119biorstw<\/em>, SGH, Warszawa 2007,<\/li>\n<li>Ickiewicz J., Strategia finansowania przedsi\u0119biorstwa, Poltext, Warszawa 1993.<\/li>\n<li>Ja\u015bkiewiczowa J.\u00a0 <em>Prawo Finansowe<\/em>, Wydawnictwo Uniwersytetu Gda\u0144skiego, Gda\u0144sk 2000,<\/li>\n<li>Ja\u015bkiewiczowa J., <em>Prawo Finansowe<\/em>, Wydawnictwo Uniwersytetu Gda\u0144skiego, Gda\u0144sk 1990,<\/li>\n<li>Jurewicz K., <em>Opodatkowanie ma\u0142ych przedsi\u0119biorstw<\/em>, ARM, Grodziec 2005,<\/li>\n<li>Kalina-Prasznic U., Leksykon polityki gospodarczej, Wolters Kluwer, Krak\u00f3w 2005.<\/li>\n<li>Katner W.J., Kodeks sp\u00f3\u0142ek handlowych. Wprowadzenie, Warszawa 2000.<\/li>\n<li>Kole\u015bnik A., Do wyboru rycza\u0142t lub podatek wed\u0142ug skali, Rzeczpospolita \u2013 Dobra Firma, 09.01.2006.<\/li>\n<li>Komar A., <em>Systemy podatkowe podmiot\u00f3w gospodarczych<\/em>, Konieczny i Kruszewski, Warszawa 2005,<\/li>\n<li>Kosikowski C., E. Ru\u015bkowski, <em>Finanse publiczne i prawo finansowe<\/em>, Dom Wydawniczy ABC, Warszawa 2006,<\/li>\n<li>Krzemi\u0144ska D., <em>Finanse przedsi\u0119biorstwa<\/em>. Wydawnictwo Wy\u017cszej Szko\u0142y Bankowej, Pozna\u0144 2000,<\/li>\n<li>Kudert S., M. Jamro\u017cy, <em>Optymalizacja opodatkowania dochod\u00f3w przedsi\u0119biorc\u00f3w<\/em>, Wolters Kluwer Polska, Warszawa 2007,<\/li>\n<li>Kulawczuk P., <em>Efektywno\u015b\u0107 podatkowa ma\u0142ych i \u015brednich przedsi\u0119biorstw<\/em>, WUG, Gda\u0144sk 2004,<\/li>\n<li>Kulicki J., P. Sok\u00f3\u0142, <em>Podatki i Prawo Podatkowe<\/em>, PWE, Warszawa 2005,<\/li>\n<li>Litwi\u0144czuk H.\u00a0 <em>Prawo Podatkowe Podmiot\u00f3w Gospodarczych<\/em>, PWE, Warszawa 2006,<\/li>\n<li>Litwi\u0144czuk H., <em>Prawo podatkowe przedsi\u0119biorc\u00f3w<\/em> Dom Wydawniczy ABC, Warszawa 2006,<\/li>\n<li>\u0141uczka T., Kapita\u0142 jako przedmiot gospodarki finansowej ma\u0142ego i \u015bredniego przedsi\u0119biorstwa prywatnego. Wprowadzenie do finans\u00f3w przedsi\u0119biorstwa, Pozna\u0144 1997.<\/li>\n<li>Majchrzycka-Guzowska A.\u00a0 <em>Finanse i prawo finansowe<\/em>, PWN, Warszawa 2006,<\/li>\n<li>Martyniuk T., Rycza\u0142t od przychod\u00f3w ewidencjonowanych w 2005 roku. Podatnika vademecum Nr 2, Difin, Warszawa 2005.<\/li>\n<li>M\u0105czy\u0144ski D.\u00a0 <em>Podatek akcyzowy w prawie polskim i europejskim<\/em>, PWE, Warszawa 2004,<\/li>\n<li>Miko\u0142ajczyk B., Infrastruktura finansowa MSP w krajach Unii Europejskiej, Difin, Warszawa 2007.<\/li>\n<li>Mu\u0107ko P., Sok\u00f3\u0142 A., Jak za\u0142o\u017cy\u0107 i prowadzi\u0107 w\u0142asn\u0105 firm\u0119, CeDeWu, Warszawa 2009.<\/li>\n<li>Olesi\u0144ska A., Prawo podatkowe, TNOiK, Toru\u0144 2004.<\/li>\n<li>Owsiak S., <em>Finanse Publiczne. Teoria i praktyka<\/em>, PWE, Warszawa 2006,<\/li>\n<li>Pazurek B., Rycza\u0142t; ksi\u0105\u017cka podatkowa; ksi\u0119ga przychod\u00f3w i rozchod\u00f3w, Wydawnictwo BP, Wroc\u0142aw 2005.<\/li>\n<li>Piasecki B., Ekonomika I Zarz\u0105dzanie ma\u0142\u0105 firm\u0105, WN PWN, Warszawa-\u0141\u00f3d\u017a 2001.<\/li>\n<li>Pluta W., Finanse ma\u0142ych i \u015brednich przedsi\u0119biorstw, PWE, Warszawa 2004.<\/li>\n<li>Pomorska A.\u00a0 <em>Kierunki reformy polskiego systemu podatkowego,<\/em> UMCS, Lublin 2003,<\/li>\n<li>Poszwa M., Rozliczenia podatkowe przedsi\u0119biorcy, Oficyna Ekonomiczna, Krak\u00f3w 2005.<\/li>\n<li>Powia\u0142owski A., Koroluk S., Podejmowanie dzia\u0142alno\u015bci gospodarczej w \u015bwietle regulacji prawnych, Oficyna Wydawnicza Branta, Bydgoszcz- Gda\u0144sk 2005.<\/li>\n<li>Przychocka I., <em>Ma\u0142e i \u015brednie przedsi\u0119biorstwa w Polsce<\/em>, PWE, Warszawa 2002,<\/li>\n<li>Rozporz\u0105dzenie (WE) Nr 1606\/2002 Parlamentu Europejskiego i Rady z dnia 19 lipca 2002 r. w sprawie stosowania mi\u0119dzynarodowych standard\u00f3w rachunkowo\u015bci (Dz. U. L 243 z 11.9.2002)<\/li>\n<li>Ru\u015bkowski E., <em>Finanse Publiczne i Prawo Finansowe<\/em>., PWE, Warszawa 2000,<\/li>\n<li>Safin K., Zarz\u0105dzanie w\u0142asn\u0105 firm\u0105, Wydawnictwo Akademii Ekonomicznej im. O. Langego we Wroc\u0142awiu, Wroc\u0142aw 2003.<\/li>\n<li>Seredy\u0144ski R., Szaruga K., Dziedzia M., <em>Operacje gospodarcze w praktyce ksi\u0119gowej<\/em>, ODDK, Gda\u0144sk 2010<\/li>\n<li>Str\u00f3\u017cycki M., Zarz\u0105dzanie przedsi\u0119biorstwem, Difin, Warszawa 2002.<\/li>\n<li>Szcz\u0119sny W., <em>Firma w otoczeniu fiskalnym<\/em>. Diffin, Warszawa 2004,<\/li>\n<li>Szczodrowski G., <em>Polski system podatkowy<\/em>, PWN, Warszawa 2007,<\/li>\n<li>Szczodrowski G., Polski system podatkowy, Wydawnictwo Uniwersytetu Gda\u0144skiego, Gda\u0144sk 2002,<\/li>\n<li>Szyszko L., <em>Finanse przedsi\u0119biorstw<\/em>, PWE, Warszawa 2000,<\/li>\n<li>Szyszko L., J. Szczepa\u0144ski, <em>Finanse przedsi\u0119biorstwa<\/em>, PWE, Warszawa 2007,<\/li>\n<li>Turyna J., <em>Standardy sprawozdawczo\u015bci finansowej<\/em>, Difin, Warszawa 2006<\/li>\n<li>Ustawa z dnia 19 listopada 1999 roku, Prawo Dzia\u0142alno\u015bci Gospodarczej, Dz.U. Nr 101 z dnia 17 grud\u00adnia, poz. 1178,<\/li>\n<li>Ustawa z dnia 2 lipca 2004 r. o swobodzie dzia\u0142alno\u015bci gospodarczej,<\/li>\n<li>Ustawa z dnia 27 sierpnia 2004 r. o zmianie ustawy o rachunkowo\u015bci oraz zmianie ustawy o bieg\u0142ych rewidentach i ich samorz\u0105dzie (Dz. U. z 2004 r., Nr 213, poz. 2155)<\/li>\n<li>Ustawa z dnia 29 wrze\u015bnia 1994 roku o rachunkowo\u015bci (Dz. U. z 1994 r. Nr 121, poz. 591)<\/li>\n<li>Walczak M. (red.), <em>Mi\u0119dzynarodowe i polskie regulacje rachunkowo\u015bci w praktyce<\/em>, Difin, Warszawa 2003<\/li>\n<li>Wali\u0144ska E., <em>Mi\u0119dzynarodowe standardy rachunkowo\u015bci<\/em>, Oficyna Ekonomiczna, Krak\u00f3w 2006<\/li>\n<li>Wola\u0144ski R. <em>System podatkowy w Polsce<\/em>, Difin, Warszawa 2009,<\/li>\n<li>Wyrzykowski W., <em>Polski system podatk\u00f3w i op\u0142at w zarysie<\/em>, Bellona, Gda\u0144ski 2004,<\/li>\n<li>Zadora H., Finanse ma\u0142ego przedsi\u0119biorstwa w teorii i praktyce zarz\u0105dzania, C.H. Beck, Warszawa 2009.<\/li>\n<\/ol>\n","protected":false},"excerpt":{"rendered":"<p>Ba\u015b-Mazur M., Kompendium wiedzy nowego przedsi\u0119biorcy, Text, Krak\u00f3w 2006. Bednarz J., Gostomski E., Finansowanie dzia\u0142alno\u015bci gospodarczej, Wydawnictwo Uniwersytetu Gda\u0144skiego, Gda\u0144sk 2006. Borodo A. Polskie prawo finansowe, \u017bak, Toru\u0144 2009, Brzeszczy\u0144ska S., Podatki 2007, Meritum, Warszawa 2007 Brzezi\u0144ski B. Prawo podatkowe, Dom Organizatora, \u017bak, Toru\u0144 2006 Brzezi\u0144ski B., Prawo podatkowe. Teoria, instytucje, funkcjonowanie, Tonik, Toru\u0144 2010, &#8230; <a title=\"Bibliografia\" class=\"read-more\" href=\"https:\/\/pracemgr.com.pl\/rachunkowosc\/bibliografia\/\" aria-label=\"Dowiedz si\u0119 wi\u0119cej o Bibliografia\">Czytaj dalej<\/a><\/p>\n","protected":false},"author":1,"featured_media":0,"parent":0,"menu_order":0,"comment_status":"open","ping_status":"open","template":"","meta":{"footnotes":""},"class_list":["post-8","page","type-page","status-publish"],"_links":{"self":[{"href":"https:\/\/pracemgr.com.pl\/rachunkowosc\/wp-json\/wp\/v2\/pages\/8","targetHints":{"allow":["GET"]}}],"collection":[{"href":"https:\/\/pracemgr.com.pl\/rachunkowosc\/wp-json\/wp\/v2\/pages"}],"about":[{"href":"https:\/\/pracemgr.com.pl\/rachunkowosc\/wp-json\/wp\/v2\/types\/page"}],"author":[{"embeddable":true,"href":"https:\/\/pracemgr.com.pl\/rachunkowosc\/wp-json\/wp\/v2\/users\/1"}],"replies":[{"embeddable":true,"href":"https:\/\/pracemgr.com.pl\/rachunkowosc\/wp-json\/wp\/v2\/comments?post=8"}],"version-history":[{"count":0,"href":"https:\/\/pracemgr.com.pl\/rachunkowosc\/wp-json\/wp\/v2\/pages\/8\/revisions"}],"wp:attachment":[{"href":"https:\/\/pracemgr.com.pl\/rachunkowosc\/wp-json\/wp\/v2\/media?parent=8"}],"curies":[{"name":"wp","href":"https:\/\/api.w.org\/{rel}","templated":true}]}}