{"id":7,"date":"2013-08-30T12:42:49","date_gmt":"2013-08-30T12:42:49","guid":{"rendered":"http:\/\/psychologia.pracemgr.com.pl\/?page_id=2"},"modified":"2021-11-21T17:31:15","modified_gmt":"2021-11-21T16:31:15","slug":"literatura","status":"publish","type":"page","link":"https:\/\/pracemgr.com.pl\/psychologia\/literatura\/","title":{"rendered":"literatura"},"content":{"rendered":"<p><a href=\"https:\/\/pracemgr.com.pl\/psychologia\/literatura\/literatura-2\/#main\" rel=\"attachment wp-att-201\"><img loading=\"lazy\" decoding=\"async\" class=\"aligncenter size-full wp-image-201\" src=\"https:\/\/pracemgr.com.pl\/psychologia\/wp-content\/uploads\/sites\/3\/2021\/11\/literatura.jpg\" alt=\"\" width=\"608\" height=\"834\" srcset=\"https:\/\/pracemgr.com.pl\/psychologia\/wp-content\/uploads\/sites\/3\/2021\/11\/literatura.jpg 608w, https:\/\/pracemgr.com.pl\/psychologia\/wp-content\/uploads\/sites\/3\/2021\/11\/literatura-219x300.jpg 219w\" sizes=\"auto, (max-width: 608px) 100vw, 608px\" \/><\/a><\/p>\n<p>[ 1 ] Brze\u015bkiewicz Z.W.: <em>Superumys\u0142<\/em>, Agencja Wydawnicza \u201eComes\u201d, Katowice 1996<\/p>\n<p>[ 2 ] <em>Encyklopedia Powszechna PWN<\/em>, PWN, Warszawa 1983<\/p>\n<p>[ 3 ] Gozdek Michaelis K.: <em>Rozwi\u0144 sw\u00f3j genialny umys\u0142<\/em> (wyd. II uzup.), Warszawa 1997<\/p>\n<p>[ 4 ] Janowski A.: <em>Poznawanie uczni\u00f3w<\/em>, WSiP, Warszawa 1975<\/p>\n<p>[ 5 ] Moir A., Jessel D.: <em>P\u0142e\u0107 m\u00f3zgu<\/em>, PIW 1993<\/p>\n<p>[ 6 ] Szymczak M.(red.): <em>S\u0142ownik j\u0119zyka polskiego<\/em>, PWN, Warszawa 1978<\/p>\n","protected":false},"excerpt":{"rendered":"<p>[ 1 ] Brze\u015bkiewicz Z.W.: Superumys\u0142, Agencja Wydawnicza \u201eComes\u201d, Katowice 1996 [ 2 ] Encyklopedia Powszechna PWN, PWN, Warszawa 1983 [ 3 ] Gozdek Michaelis K.: Rozwi\u0144 sw\u00f3j genialny umys\u0142 (wyd. II uzup.), Warszawa 1997 [ 4 ] Janowski A.: Poznawanie uczni\u00f3w, WSiP, Warszawa 1975 [ 5 ] Moir A., Jessel D.: P\u0142e\u0107 m\u00f3zgu, PIW &#8230; <a title=\"literatura\" class=\"read-more\" href=\"https:\/\/pracemgr.com.pl\/psychologia\/literatura\/\" aria-label=\"Dowiedz si\u0119 wi\u0119cej o literatura\">Czytaj dalej<\/a><\/p>\n","protected":false},"author":1,"featured_media":0,"parent":0,"menu_order":0,"comment_status":"open","ping_status":"open","template":"","meta":{"footnotes":""},"class_list":["post-7","page","type-page","status-publish"],"_links":{"self":[{"href":"https:\/\/pracemgr.com.pl\/psychologia\/wp-json\/wp\/v2\/pages\/7","targetHints":{"allow":["GET"]}}],"collection":[{"href":"https:\/\/pracemgr.com.pl\/psychologia\/wp-json\/wp\/v2\/pages"}],"about":[{"href":"https:\/\/pracemgr.com.pl\/psychologia\/wp-json\/wp\/v2\/types\/page"}],"author":[{"embeddable":true,"href":"https:\/\/pracemgr.com.pl\/psychologia\/wp-json\/wp\/v2\/users\/1"}],"replies":[{"embeddable":true,"href":"https:\/\/pracemgr.com.pl\/psychologia\/wp-json\/wp\/v2\/comments?post=7"}],"version-history":[{"count":1,"href":"https:\/\/pracemgr.com.pl\/psychologia\/wp-json\/wp\/v2\/pages\/7\/revisions"}],"predecessor-version":[{"id":202,"href":"https:\/\/pracemgr.com.pl\/psychologia\/wp-json\/wp\/v2\/pages\/7\/revisions\/202"}],"wp:attachment":[{"href":"https:\/\/pracemgr.com.pl\/psychologia\/wp-json\/wp\/v2\/media?parent=7"}],"curies":[{"name":"wp","href":"https:\/\/api.w.org\/{rel}","templated":true}]}}