{"id":75,"date":"2012-06-08T08:59:46","date_gmt":"2012-06-08T08:59:46","guid":{"rendered":"http:\/\/pracezmarketingu.pl\/?page_id=75"},"modified":"2012-06-08T08:59:46","modified_gmt":"2012-06-08T08:59:46","slug":"literatura","status":"publish","type":"page","link":"https:\/\/pracemgr.com.pl\/marketing\/literatura\/","title":{"rendered":"Literatura"},"content":{"rendered":"<p>1.\tAltkorn J., Podstawy marketingu, Instytut Marketingu, Krak\u00f3w 2006.<br \/>\n2.\tBatko A., Marketing, Wydawnictwa Naukowe Warszawskiej Szko\u0142y Reklamy, Warszawa 2000.<br \/>\n3.\tBeier F.J., Rutkowski K., Logistyka, SGH, Warszawa 1995.<br \/>\n4.\tBia\u0142ecki K., Operacje handlu zagranicznego, PWE, Warszawa 2002.<br \/>\n5.\tBia\u0142ecki K., Podstawy marketingu, Wy\u017csza Szko\u0142a Handlu i Prawa, Warszawa 2002.<br \/>\n6.\tChristopher M., Strategia zarz\u0105dzania dystrybucj\u0105, Placet, Warszawa 1996.<br \/>\n7.\tChwa\u0142ek J., Marketing w przedsi\u0119biorstwie handlowym, w: Marketingowe zarz\u0105dza\u00acnie handlem, AE, Pozna\u0144 1992.<br \/>\n8.\tCiesielski M., (red.), Instrumenty zarz\u0105dzani logistycznego, PWE, Warszawa 2006.<br \/>\n9.\tDoma\u0144ski T., Kowalski P., Marketing dla mened\u017cer\u00f3w, PWN, Warszawa 2000.<br \/>\n10.\tDrucker P.F., Praktyka zarz\u0105dzania, AE, Krak\u00f3w 1998.<br \/>\n11.\tDunckel J., Taylor B., Profesjonalny system obs\u0142ugi klienta, Wydawnictwo M. &amp; A. Communication Polska, Lublin 1996.<br \/>\n12.\tDurlik J., Reengineering i technolo\u00acgia informatyczna w restruktwyzacji proces\u00f3w gospodarczych, Wydawnictwa Naukowo-Technicz\u00acne, Fundacja Ksi\u0105\u017cka Naukowo-Techniczna, Warszawa 2002.<br \/>\n13.\tFertach M. (red.), Podstawy logistyki, Instytut Logistyki i Magazynowania, Pozna\u0144 2008.<br \/>\n14.\tFertsch M. (red.), S\u0142ownik terminologii logistycznej, Instytut Logistyki i Magazynowania, Pozna\u0144 2006.<br \/>\n15.\tGarbarsk L.,. Rutkowski I, Wrzosek W., Marketing, PWE, Warszawa 2001.<br \/>\n16.\tGli\u0144ski B., Kuc R., Szczepankowski P., Zarz\u0105dzanie strategiczne, Wydawnictwo Key Text, Warszawa 2001.<br \/>\n17.\tGo\u0142embska E., Kompendium wiedzy o logistyce, PWN, Pozna\u0144-Warszawa 1999.<br \/>\n18.\tGrzesiuk A., Marketing mi\u0119dzynarodowy, CeDeWu, Warszawa 2007.<br \/>\n19.\tHammer M., Champy J., Reengineering w przedsi\u0119biorstwie, PWE, Warszawa 1996.<br \/>\n20.\tIwankiewicz-Rak B., Marketing organizacji niedochodowych, AE, Wroc\u0142aw 1997.<br \/>\n21.\tKisielnicki J., Sroka H., Systemy informacyjne biznesu &#8211; Informatyka dla zarz\u0105dzania, Agen\u00accja Wydawnicza Placet, 2001.<br \/>\n22.\tKisperska \u2013 Moro\u0144 D., Krzy\u017caniak S. (red.), Logistyka, Biblioteka Logistyka, Pozna\u0144 2009.<br \/>\n23.\tK\u0142eczek R., Kowal W., Wo\u017aniczka J., Strategiczne planowanie marketingowe, PWE, Warszawa 2001.<br \/>\n24.\tKoch R., Strategia. Jak opracowa\u0107 i wprowadzi\u0107 w \u017cycie najskuteczniejsz\u0105 strategi\u0119. Przewodnik, Wydawnictwo Profesjonalnej Szko\u0142y Biznesu, Krak\u00f3w 1998.<br \/>\n25.\tKotler P., Armstrong G., Saunders J., Wong V., Marketing. Podr\u0119cznik europejski, PWE, Warszawa 2002.<br \/>\n26.\tKotler P., Marketing &#8211; analiza, planowanie, wdro\u017cenie i kontrola, Felberg, Warszawa 1999.<br \/>\n27.\tKotler Ph., Marketing. Analiza. Planowanie, wdro\u017cenie i kontrola, Gebethner &amp; S-ka, Warszawa 1994.<br \/>\n28.\tKramer T., Podstawy marketingu, PWE, Warszawa 1995.<br \/>\n29.\tKramer T., Podstawy marketingu, PWE, Warszawa 2000.<br \/>\n30.\tKu\u015bmierski S., Reklama jest sztuk\u0105, Wydawnictwo \u201eDruktur&#8221;, Warszawa 1997.<br \/>\n31.\tLiberadzki B., Mindur L. (red.), Uwarunkowania rozwoju systemu transportowego Polski, SGH &amp; Wydawnictwo Technologii Eksploatacji, Warszawa-Radom 2007.<br \/>\n32.\tLisi\u0144ski M., Ostrowski B., Lean management w restrukturyzacji przedsi\u0119biorstwa, Wydawnictwo \u201eAntykwa&#8221;, Warszawa 2006.<br \/>\n33.\tMazur J. (red., Decyzje marketingowe w przedsi\u0119biorstwie, Difin, Warszawa 2002.<br \/>\n34.\tMichalski T., Marketing, PWN, Warszawa 2004.<br \/>\n35.\tNeider J., Transport handlu mi\u0119dzynarodowym, Wydawnictwo Uniwersytetu Gda\u0144skiego, Gda\u0144sk 2006.<br \/>\n36.\tNiestr\u00f3j R., Zarz\u0105dzanie marketingiem &#8211; aspekty strategiczne, PWN, Warszawa 2002.<br \/>\n37.\tPenc J., Nowe koncepcje zarz\u0105dzania, \u201eEkonomika i organizacja przedsi\u0119biorstwa&#8221; nr 7\/2002.<br \/>\n38.\tPfohl H.-Ch., Systemy logistyczne, Instytut Logistyki i Magazynowania, Pozna\u0144 2001.<br \/>\n39.\tPilarczyk B., M. S\u0142awi\u0144ska, H. Mruk, Strategie marketingowe przedsi\u0119biorstw handlowych, PWE, Warszawa 2001.<br \/>\n40.\tPomykalski A., Nowoczesne strategie marketingowe, Wydawnictwo INFOR, Warszawa 2001.<br \/>\n41.\tPorter M.E., Porter o konkurencji, PWE, Warszawa 2001.<br \/>\n42.\tPorter M.E., Strategia konkurencji. Metody analizy sektor\u00f3w i konkurent\u00f3w, PWE, Warszawa 1994.<br \/>\n43.\tRadomski J., Wprowadzenie do zarz\u0105dzania strategicznego organizacjami, WSAP w Szczecinie, Szczecin 1999.<br \/>\n44.\tRomanowskiej M., Zarz\u0105dzanie strategiczne firm\u0105, CIM, Warszawa 1995.<br \/>\n45.\tRutkowski K. (red.), Logistyka dystrybucji, Difin, Warszawa 2001.<br \/>\n46.\tSkowronek C., Wolski Z.S., Logistyka w przedsi\u0119biorstwie, PWE, Warszawa 1999.<br \/>\n47.\tSkowronek Cz., Saryusz-Wolski Z., Logistyka w przedsi\u0119biorstwie, PWR, Warszawa 1999.<br \/>\n48.\tSlywotzky A.J., Morrison D.J., Andelman B., Strefa zysku, PWE, Warszawa 2000.<br \/>\n49.\tStrategor, Zarz\u0105dzanie firm\u0105, PWE, Warszawa 1995.<br \/>\n50.\tStru\u017cycki M. (red.), Zarz\u0105dzanie ma\u0142ymi i \u015brednimi przedsi\u0119biorstwami. Uwarunkowania europejskie, Difin, 2002.<br \/>\n51.\tStru\u017cycki M. (red.), Zarz\u0105dzanie przedsi\u0119biorstwem, Difin, Warszawa 2002.<br \/>\n52.\tSty\u015b A., (red.), Strategiczne planowanie marketingowe, PWE, Warszawa 1999.<br \/>\n53.\tSullivan M., Adcock D., Marketing w handlu detalicznym, Oficyna Ekonomiczna, Krak\u00f3w 2003.<br \/>\n54.\tSztucki T., En\u00accyklopedia Marketingu, Agencja Wydawnicza \u201ePlacet&#8221;, Warszawa 1998.<br \/>\n55.\tSztucki T., Encyklopedia marketingu, Placet, Warszawa 1998.<br \/>\n56.\tSztucki T., Marketing &#8211; spos\u00f3b my\u015blenia, system dzia\u0142ania, Placet, Warszawa 1992.<br \/>\n57.\tSztucki T., Zarz\u0105dzanie handlem i sprzeda\u017c\u0105 na rynku krajowym i mi\u0119dzynarodowym, Wy\u017csza Szko\u0142a Biznesu, Nowy S\u0105cz 1999.<br \/>\n58.\tWajda A., Podstawy nauki o zarz\u0105dzaniu organizacjami, Difin, Warszawa 2003.<br \/>\n59.\tWitkowski J., Zarz\u0105dzanie \u0142a\u0144cuchem dostaw, PWE, Warszawa 2003.<br \/>\n60.\tZemiga\u0142a M., Holistyczne podej\u015bcie do zarz\u0105dzania wiedz\u0105 zadaniem wsp\u00f3\u0142czesnego mened\u017cera, \u201ePrzegl\u0105d Organizacji&#8221; nr 4\/2007.<br \/>\n61.\t\u017burawik B., \u017burawik W., Zarz\u0105dzanie marketingowe w przedsi\u0119biorstwie, PWE, Warszawa 1996.<br \/>\n62.\t\u017burek J. (red.), Przedsi\u0119biorstwo \u2013 zasady dzia\u0142ania, funkcjonowanie, rozw\u00f3j, Fundacja Rozwoju Uniwersytetu Gda\u0144skiego, Gda\u0144sk 2007.<\/p>\n","protected":false},"excerpt":{"rendered":"<p>1. Altkorn J., Podstawy marketingu, Instytut Marketingu, Krak\u00f3w 2006. 2. Batko A., Marketing, Wydawnictwa Naukowe Warszawskiej Szko\u0142y Reklamy, Warszawa 2000. 3. Beier F.J., Rutkowski K., Logistyka, SGH, Warszawa 1995. 4. Bia\u0142ecki K., Operacje handlu zagranicznego, PWE, Warszawa 2002. 5. Bia\u0142ecki K., Podstawy marketingu, Wy\u017csza Szko\u0142a Handlu i Prawa, Warszawa 2002. 6. Christopher M., Strategia zarz\u0105dzania &#8230; <a title=\"Literatura\" class=\"read-more\" href=\"https:\/\/pracemgr.com.pl\/marketing\/literatura\/\" aria-label=\"Dowiedz si\u0119 wi\u0119cej o Literatura\">Czytaj dalej<\/a><\/p>\n","protected":false},"author":1,"featured_media":0,"parent":0,"menu_order":0,"comment_status":"open","ping_status":"open","template":"","meta":{"footnotes":""},"class_list":["post-75","page","type-page","status-publish"],"_links":{"self":[{"href":"https:\/\/pracemgr.com.pl\/marketing\/wp-json\/wp\/v2\/pages\/75","targetHints":{"allow":["GET"]}}],"collection":[{"href":"https:\/\/pracemgr.com.pl\/marketing\/wp-json\/wp\/v2\/pages"}],"about":[{"href":"https:\/\/pracemgr.com.pl\/marketing\/wp-json\/wp\/v2\/types\/page"}],"author":[{"embeddable":true,"href":"https:\/\/pracemgr.com.pl\/marketing\/wp-json\/wp\/v2\/users\/1"}],"replies":[{"embeddable":true,"href":"https:\/\/pracemgr.com.pl\/marketing\/wp-json\/wp\/v2\/comments?post=75"}],"version-history":[{"count":0,"href":"https:\/\/pracemgr.com.pl\/marketing\/wp-json\/wp\/v2\/pages\/75\/revisions"}],"wp:attachment":[{"href":"https:\/\/pracemgr.com.pl\/marketing\/wp-json\/wp\/v2\/media?parent=75"}],"curies":[{"name":"wp","href":"https:\/\/api.w.org\/{rel}","templated":true}]}}