{"id":5,"date":"2012-04-06T12:47:57","date_gmt":"2012-04-06T12:47:57","guid":{"rendered":"http:\/\/pracezmarketingu.pl\/?page_id=2"},"modified":"2012-04-06T12:47:57","modified_gmt":"2012-04-06T12:47:57","slug":"prace-magisterskie","status":"publish","type":"page","link":"https:\/\/pracemgr.com.pl\/marketing\/prace-magisterskie\/","title":{"rendered":"Prace magisterskie"},"content":{"rendered":"<p>Wed\u0142ug definicji Ameryka\u0144skiego Stowarzyszenia Marketingu marketing\u00a0to proces planowania i realizacji koncepcji, ceny, dystrybucji i promocji idei, d\u00f3br i us\u0142ug w celu doprowadzenia do wymiany, kt\u00f3ra daje satysfakcj\u0119 jednostce, realizuje cele firmy prowadz\u0105cej marketing.<\/p>\n<p>Natomiast ameryka\u0144ski profesor Philip Kotler \u2013 jeden z najlepszych specjalist\u00f3w w dziedzinie marketingu \u2013 okre\u015bla go jako zyskowne zaspokajanie potrzeb odbiorc\u00f3w, a szerzej jako spos\u00f3b dzia\u0142ania firmy na rynku, kt\u00f3ry polega na identyfikowaniu i kszta\u0142towaniu potrzeb odbiorc\u00f3w, okre\u015blaniu, kt\u00f3re z nich firma mo\u017ce najlepiej zaspokoi\u0107, zaprojektowaniu odpowiednich produkt\u00f3w i us\u0142ug oraz mobilizowaniu ka\u017cdego pracownika, by dzia\u0142a\u0142 na rzecz zaspokojenia tych potrzeb.<\/p>\n<p>Pod poj\u0119ciem dzia\u0142alno\u015bci marketingowej rozumie si\u0119 dzia\u0142alno\u015b\u0107 przedsi\u0119biorstwa maj\u0105c\u0105 na celu poznanie przysz\u0142ej struktury popytu, zaspokajanie go poprzez kreowanie poda\u017cy, informowanie nabywc\u00f3w oraz dostarczanie wytworzonych produkt\u00f3w i us\u0142ug w odpowiednim miejscu i czasie.<\/p>\n<p>Dla r\u00f3\u017cnych okre\u015ble\u0144 marketingu wsp\u00f3lne jest stwierdzenie, i\u017c jest to dzia\u0142alno\u015b\u0107, kt\u00f3ra polega na rozpoznawaniu, kszta\u0142towaniu i zaspokajaniu potrzeb odbiorc\u00f3w, co z jednej strony daje korzy\u015bci samym odbiorcom, z drugiej jednak zapewnia korzy\u015bci ekonomiczne firmie: zyski i ekspansj\u0119 rynkow\u0105. Zgodnie z filozofi\u0105 marketingu firma d\u0105\u017cy\u0107 powinna do maksymalizacji zysku przez maksymalizacj\u0119 satysfakcji odbiorc\u00f3w.<\/p>\n<p>Istota marketingu sprowadza si\u0119 do:<\/p>\n<p>&#8211;\u00a0podporz\u0105dkowania wszystkich dzia\u0142a\u0144 w sferze produkcji i obrotu towarowego \u017cyczeniom finalnego nabywcy,<\/p>\n<p>&#8211;\u00a0pobudzania i rozwijania jego potrzeb.<\/p>\n<p>W tym sensie marketing stanowi kategori\u0119 gospodarki rynkowej, jest jednak produktem okre\u015blonej fazy jej rozwoju, charakteryzuj\u0105cej si\u0119 zasobno\u015bci\u0105 producent\u00f3w i konsument\u00f3w, bogat\u0105 infrastruktur\u0105 rynku i stabilizacj\u0105 regu\u0142 post\u0119powania uczestnik\u00f3w rynku.<\/p>\n<p>Marketing bywa uto\u017csamiany z handlem, sprzeda\u017c\u0105, promocj\u0105 czy nawet reklam\u0105. Je\u015bli prawid\u0142owo okre\u015bli si\u0119 potrzeby odbiorc\u00f3w, zaprojektuje odpowiadaj\u0105cy im produkt i wyznaczy w\u0142a\u015bciw\u0105 cen\u0119, trafnie wybierze kana\u0142y dystrybucji i zastosuje w\u0142a\u015bciw\u0105 promocj\u0119, to samo sprzedanie produktu nie nastr\u0119czy wielu trudno\u015bci. Jest szczeg\u00f3lnie konieczny i przydatny w dziedzinach gospodarki, w kt\u00f3rym post\u0119p techniczny jest szybki i owocuje wieloma nowymi produktami.<\/p>\n<div>To fragment jednej z prac magisterskich. B\u0119dziemy prezentowa\u0107 najlepsze prace magisterskie z dziedziny marketingu jakie w Polsce napisano.<\/div>\n","protected":false},"excerpt":{"rendered":"<p>Wed\u0142ug definicji Ameryka\u0144skiego Stowarzyszenia Marketingu marketing\u00a0to proces planowania i realizacji koncepcji, ceny, dystrybucji i promocji idei, d\u00f3br i us\u0142ug w celu doprowadzenia do wymiany, kt\u00f3ra daje satysfakcj\u0119 jednostce, realizuje cele firmy prowadz\u0105cej marketing. Natomiast ameryka\u0144ski profesor Philip Kotler \u2013 jeden z najlepszych specjalist\u00f3w w dziedzinie marketingu \u2013 okre\u015bla go jako zyskowne zaspokajanie potrzeb odbiorc\u00f3w, a &#8230; <a title=\"Prace magisterskie\" class=\"read-more\" href=\"https:\/\/pracemgr.com.pl\/marketing\/prace-magisterskie\/\" aria-label=\"Dowiedz si\u0119 wi\u0119cej o Prace magisterskie\">Czytaj dalej<\/a><\/p>\n","protected":false},"author":1,"featured_media":0,"parent":0,"menu_order":0,"comment_status":"open","ping_status":"open","template":"","meta":{"footnotes":""},"class_list":["post-5","page","type-page","status-publish"],"_links":{"self":[{"href":"https:\/\/pracemgr.com.pl\/marketing\/wp-json\/wp\/v2\/pages\/5","targetHints":{"allow":["GET"]}}],"collection":[{"href":"https:\/\/pracemgr.com.pl\/marketing\/wp-json\/wp\/v2\/pages"}],"about":[{"href":"https:\/\/pracemgr.com.pl\/marketing\/wp-json\/wp\/v2\/types\/page"}],"author":[{"embeddable":true,"href":"https:\/\/pracemgr.com.pl\/marketing\/wp-json\/wp\/v2\/users\/1"}],"replies":[{"embeddable":true,"href":"https:\/\/pracemgr.com.pl\/marketing\/wp-json\/wp\/v2\/comments?post=5"}],"version-history":[{"count":0,"href":"https:\/\/pracemgr.com.pl\/marketing\/wp-json\/wp\/v2\/pages\/5\/revisions"}],"wp:attachment":[{"href":"https:\/\/pracemgr.com.pl\/marketing\/wp-json\/wp\/v2\/media?parent=5"}],"curies":[{"name":"wp","href":"https:\/\/api.w.org\/{rel}","templated":true}]}}