{"id":65,"date":"2018-08-12T13:52:00","date_gmt":"2018-08-12T11:52:00","guid":{"rendered":"https:\/\/pracemgr.com.pl\/hotelarstwo\/bibliografia\/"},"modified":"2018-08-12T13:52:00","modified_gmt":"2018-08-12T11:52:00","slug":"bibliografia","status":"publish","type":"page","link":"https:\/\/pracemgr.com.pl\/hotelarstwo\/bibliografia\/","title":{"rendered":"Bibliografia"},"content":{"rendered":"<ol>\n<li>Adamowicz J., Wolak G., Jak by\u0107 hotelarzem, Krakowska Szko\u0142a Hotelarska, Krak\u00f3w 2004.<\/li>\n<li>Altkorn J., Marketing w turystyce, Wydawnictwa Naukowe PWN, Warszawa, 1995.<\/li>\n<li>Armstrong M., Zarz\u0105dzanie zasobami ludzkimi, Oficyna Ekonomiczna, Krak\u00f3w 2003.<\/li>\n<li>B\u0142aszczuk W., Organizacje samorz\u0105du hotelarskiego w Polsce. Historia i wsp\u00f3\u0142czesno\u015b\u0107, w: J. Merski, Cz. Witkowski, (red.), Hotelarstwo w Polsce, Wy\u017csza Szko\u0142a Ekonomiczna w Warszawie, Warszawa 2004.<\/li>\n<li>B\u0142\u0105dek Z., Hotele \u2013 programowanie, projektowanie, wyposa\u017cenie, Albus, Pozna\u0144 2001.<\/li>\n<li>B\u0142\u0105dek Z., Wsp\u00f3\u0142czesne tendencje w budowie, wyposa\u017ceniu i eksploatacji obiekt\u00f3w hotelarskich, w: J. Merski, Cz. Witkowski, (red.), Hotelarstwo w Polsce, Wy\u017csza Szko\u0142a Ekonomiczna w Warszawie, Warszawa 2004.<\/li>\n<li>Bujanowski Z. , Dobosz-Bujanowska K. \u201ePodstawowe zagadnienia<br \/>\norganizacji i zarz\u0105dzania na przyk\u0142adzie\u00a0 obiekt\u00f3w hotelarskich\u201d Zeszyt 1 \u201ePLANOWANIE\u201d, WSHGiT, Krak\u00f3w 2000<\/li>\n<li>Czermi\u0144ski A., Czerska M., i in., Zarz\u0105dzanie organizacjami, Dom Organizatora, To\u00adru\u0144 2002.<\/li>\n<li>Fo\u0142tyn H., Klasyczne i nowoczesne struktury organizacji, Wydawnictwo Key Text, Warszawa 2007.<\/li>\n<li>Garbarski L., Rutkowski I., i in., Punkt zwrotny nowoczesnej firmy, PWE, Warszawa 2001.<\/li>\n<li>Gaworecki W.W., Turystyka, PWE, Warszawa 2003.<\/li>\n<li>Griffin R.W., Podstawy zarz\u0105dzania organizacjami, PWE, Warszawa 2004.<\/li>\n<li>Jaremen D.E., Jedli\u0144ska M., Stan i mo\u017cliwo\u015bci rozwoju ma\u0142ych i \u015brednich obiekt\u00f3w hotelarskich w Euroregionie Nysa \u2013 wyniki bada\u0144, Partnerstwo na Rzecz Rozwoju, Jelenia G\u00f3ra 2006.<\/li>\n<li>J\u0119drzejczyk I., Nowoczesny biznes turystyczny, PWN, Warszawa 2001.<\/li>\n<li>Karasiewicz G., Marketingowe strategie cen, PWE, Warszawa, 1997.<\/li>\n<li>Knowles T., Zarz\u0105dzanie hotelarstwem i gastronomi\u0105, PWE, Warszawa 2001.<\/li>\n<li>Kotler Ph., Armstrong G. i in., Podr\u0119cznik europejski, PWE, Warszawa 2002.<\/li>\n<li>Kotler Ph., Analiza, planowanie, wdra\u017canie i kontro\u00adla, Gebethner &amp; Ska, Warszawa 1994.<\/li>\n<li>Kowalczyk A. \u201eGeografia hotelarstwa\u201d, Wydawnictwo Uniwersytetu \u0141\u00f3dzkiego, \u0141\u00f3d\u017a 2001<\/li>\n<li>Mazur J., Zarz\u0105dzanie marketingiem us\u0142ug, Difin, Warszawa 2002.<\/li>\n<li>Mazurek-Lopaci\u0144ska K., Orientacja na klienta w przedsi\u0119biorstwie, PWE, Warszawa, 2002.<\/li>\n<li>Mazurkiewicz L., Planowanie marketingowe w przedsi\u0119biorstwie turystycznym, PWE, Warszawa 2002.<\/li>\n<li>Medlik S., Leksykon podr\u00f3\u017cy, turystyki i hotelarstwa, Wydawnictwo Naukowe PWN, War\u00adszawa 1995.<\/li>\n<li>Mi\u0105czy\u0144ski P., Analiza polskiego rynku hotelowego: dom.gazeta.pl\/dom\/1,50848,804463.html<\/li>\n<li>Michalski E., Marketing, PWN, Warszawa 2004.<\/li>\n<li>Mitura E., Koniuszewska E., Ekonomika i organizacja pracy w hotelarstwie, Difin, Warszawa 2006.<\/li>\n<li>Mucha \u2013 Szajek E., Problemy hotelarstwa &#8211; zarys dziej\u00f3w, zasady funkcjonowania, perspektywy i zadania, w: D. R. Tauber, E. Mucha \u2013 Szajek, W. Siwi\u0144ski, (red.), Wy\u017csza Szko\u0142a Hotelarstwa i Gastronomii w Poznaniu, Pozna\u0144 2001.<\/li>\n<li>Nickels W.G., Zrozumie\u0107 biznes, Bellona, Warszawa 2000.<\/li>\n<li>Niezgoda A., Popyt turystyczny. Uwarunkowania i perspektywy rozwoju, Wydawnictwo Akademii Ekonomicznej w Poznaniu, Pozna\u0144 2003.<\/li>\n<li>Nowotny I., Plan marketingowy. Budowa przysz\u0142o\u015bci przedsi\u0119biorstwa, Poltext, War\u00adszawa1993.<\/li>\n<li>Oparka S., Nowicka T., Organizacja i technika pracy w hotelarstwie, Polskie Zrzeszenie Hoteli, Warszawa 2003.<\/li>\n<li>Pl\u0105der D., (red.), Organizacja pracy w hotelarstwie, Krakowska Szko\u0142a Hotelarska, Krak\u00f3w 2001.<\/li>\n<li>Pluta-Olearnik M., Marketing us\u0142ug, Warszawa 1994, PWE.<\/li>\n<li>Pocztowski A. \u201eZarz\u0105dzanie zasobami ludzkimi\u201d, ANTYKWA, Krak\u00f3w 1998<\/li>\n<li>Polski rynek hotelarski w oczach ekspert\u00f3w: travelpolska.pl\/content\/view\/150\/54\/<\/li>\n<li>Praca zbiorowa pod red. Nauk. Ko\u017ami\u0144skiego A. K., Piotrowskiego<br \/>\nW. \u2013 wydanie V zmienione\u00a0 \u201eZarz\u0105dzanie: Teoria i praktyka\u201d,<br \/>\nWydawnictwo Naukowe PWN, Warszawa 2001<\/li>\n<li>Pusto\u00adta J., Kierunki rozwoju hotelarstwa w Polsce mi\u0119dzywojennej, Instytut Turystyki, Warszawa 1986.<\/li>\n<li>Rapacz A. (red.), Przedsi\u0119biorstwo turystyczne w gospodarce rynkowe, Wyd. AE we Wroc\u0142awiu, Wroc\u0142aw, 2001.<\/li>\n<li>Szczygieli\u0144ska J., G\u0142\u0119boka wi\u0119\u017a z go\u015bciem, \u201eHotelarz\u201d, nr 4\/2004.<\/li>\n<li>Turkowski M., Hotelarstwo \u2014 elementy marketingu, PWE, Warszawa 1993.<\/li>\n<li>Turkowski M., Marketing us\u0142ug hotelarskich, PWE, Warszawa 2003.<\/li>\n<li>Wajgner M., Tyli\u0144ska R., Ekonomia i prawo w hotelarstwie, Wydawnictwo REA, Warszawa 2009.<\/li>\n<li>Witkowski Cz., Hotelarstwo, Podstawy hotelarstwa, cz\u0119\u015bci I, Wy\u017csza Szko\u0142a Ekonomiczna, Warszawa 2002.<\/li>\n<li>Witkowski Cz., Hotelarstwo. Cz. II, Mi\u0119dzynarodowe systemy hotelarskie, Wyd. WSE, Warszawa, 2003.<\/li>\n<li>Witkowski Cz., Kachniewska M., Hotelarstwo, cz\u0119\u015b\u0107 III, Hotelarstwo w gospodarce turystycznej, Wy\u017csza Szko\u0142a Ekonomiczna, Warszawa 2005.<\/li>\n<li>\u017burek J., (red.), Przedsi\u0119biorstwo \u2013 zasady dzia\u0142ania, funkcjonowanie, rozw\u00f3j, Fundacja Rozwoju Uniwersytetu Gda\u0144skiego, Gda\u0144sk 2007.<\/li>\n<\/ol>\n","protected":false},"excerpt":{"rendered":"<p>Adamowicz J., Wolak G., Jak by\u0107 hotelarzem, Krakowska Szko\u0142a Hotelarska, Krak\u00f3w 2004. Altkorn J., Marketing w turystyce, Wydawnictwa Naukowe PWN, Warszawa, 1995. Armstrong M., Zarz\u0105dzanie zasobami ludzkimi, Oficyna Ekonomiczna, Krak\u00f3w 2003. B\u0142aszczuk W., Organizacje samorz\u0105du hotelarskiego w Polsce. Historia i wsp\u00f3\u0142czesno\u015b\u0107, w: J. Merski, Cz. Witkowski, (red.), Hotelarstwo w Polsce, Wy\u017csza Szko\u0142a Ekonomiczna w Warszawie, &#8230; <a title=\"Bibliografia\" class=\"read-more\" href=\"https:\/\/pracemgr.com.pl\/hotelarstwo\/bibliografia\/\" aria-label=\"Dowiedz si\u0119 wi\u0119cej o Bibliografia\">Czytaj dalej<\/a><\/p>\n","protected":false},"author":1,"featured_media":0,"parent":0,"menu_order":0,"comment_status":"closed","ping_status":"closed","template":"","meta":{"footnotes":""},"class_list":["post-65","page","type-page","status-publish"],"_links":{"self":[{"href":"https:\/\/pracemgr.com.pl\/hotelarstwo\/wp-json\/wp\/v2\/pages\/65","targetHints":{"allow":["GET"]}}],"collection":[{"href":"https:\/\/pracemgr.com.pl\/hotelarstwo\/wp-json\/wp\/v2\/pages"}],"about":[{"href":"https:\/\/pracemgr.com.pl\/hotelarstwo\/wp-json\/wp\/v2\/types\/page"}],"author":[{"embeddable":true,"href":"https:\/\/pracemgr.com.pl\/hotelarstwo\/wp-json\/wp\/v2\/users\/1"}],"replies":[{"embeddable":true,"href":"https:\/\/pracemgr.com.pl\/hotelarstwo\/wp-json\/wp\/v2\/comments?post=65"}],"version-history":[{"count":0,"href":"https:\/\/pracemgr.com.pl\/hotelarstwo\/wp-json\/wp\/v2\/pages\/65\/revisions"}],"wp:attachment":[{"href":"https:\/\/pracemgr.com.pl\/hotelarstwo\/wp-json\/wp\/v2\/media?parent=65"}],"curies":[{"name":"wp","href":"https:\/\/api.w.org\/{rel}","templated":true}]}}